{"id":234167,"date":"2022-07-05T11:25:57","date_gmt":"2022-07-05T14:25:57","guid":{"rendered":"https:\/\/www.fasta.org\/gracias\/"},"modified":"2022-08-10T16:30:22","modified_gmt":"2022-08-10T19:30:22","slug":"gracias","status":"publish","type":"page","link":"https:\/\/www.fasta.org\/pt-br\/gracias\/","title":{"rendered":"Obrigado!"},"content":{"rendered":"\t\t<div data-elementor-type=\"wp-page\" data-elementor-id=\"234167\" class=\"elementor elementor-234167 elementor-230843\" data-elementor-post-type=\"page\">\n\t\t\t\t\t\t<section class=\"has_eae_slider elementor-section elementor-top-section elementor-element elementor-element-ef9b1cf elementor-section-items-stretch elementor-section-height-min-height elementor-section-boxed elementor-section-height-default\" data-eae-slider=\"8383\" data-id=\"ef9b1cf\" data-element_type=\"section\" data-settings=\"{&quot;jet_parallax_layout_list&quot;:[],&quot;background_background&quot;:&quot;classic&quot;}\">\n\t\t\t\t\t\t<div class=\"elementor-container elementor-column-gap-default\">\n\t\t\t\t\t<div class=\"has_eae_slider elementor-column elementor-col-100 elementor-top-column elementor-element elementor-element-a9327c4 vidrio\" data-eae-slider=\"63067\" data-id=\"a9327c4\" data-element_type=\"column\" data-settings=\"{&quot;background_background&quot;:&quot;classic&quot;}\">\n\t\t\t<div class=\"elementor-widget-wrap\">\n\t\t\t\t\t\t\t<\/div>\n\t\t<\/div>\n\t\t\t\t\t<\/div>\n\t\t<\/section>\n\t\t\t\t<section class=\"has_eae_slider elementor-section elementor-top-section elementor-element elementor-element-65efa77 elementor-section-boxed elementor-section-height-default elementor-section-height-default\" data-eae-slider=\"84901\" data-id=\"65efa77\" data-element_type=\"section\" data-settings=\"{&quot;jet_parallax_layout_list&quot;:[],&quot;background_background&quot;:&quot;classic&quot;}\">\n\t\t\t\t\t\t<div class=\"elementor-container elementor-column-gap-default\">\n\t\t\t\t\t<div class=\"has_eae_slider elementor-column elementor-col-100 elementor-top-column elementor-element elementor-element-ca766e5 vidrio\" data-eae-slider=\"42754\" data-id=\"ca766e5\" data-element_type=\"column\" data-settings=\"{&quot;background_background&quot;:&quot;classic&quot;}\">\n\t\t\t<div class=\"elementor-widget-wrap elementor-element-populated\">\n\t\t\t\t\t\t<section class=\"has_eae_slider elementor-section elementor-inner-section elementor-element elementor-element-f67b2f0 elementor-section-boxed elementor-section-height-default elementor-section-height-default\" data-eae-slider=\"66988\" data-id=\"f67b2f0\" data-element_type=\"section\" data-settings=\"{&quot;jet_parallax_layout_list&quot;:[]}\">\n\t\t\t\t\t\t<div class=\"elementor-container elementor-column-gap-default\">\n\t\t\t\t\t<div class=\"has_eae_slider elementor-column elementor-col-100 elementor-inner-column elementor-element elementor-element-7af84f2\" data-eae-slider=\"60278\" data-id=\"7af84f2\" data-element_type=\"column\">\n\t\t\t<div class=\"elementor-widget-wrap elementor-element-populated\">\n\t\t\t\t\t\t<div class=\"elementor-element elementor-element-0e22c59 elementor-widget elementor-widget-wpml-language-switcher\" data-id=\"0e22c59\" data-element_type=\"widget\" data-widget_type=\"wpml-language-switcher.default\">\n\t\t\t\t<div class=\"elementor-widget-container\">\n\t\t\t\t\t<div class=\"wpml-elementor-ls\">\n<div class=\"wpml-ls-statics-shortcode_actions wpml-ls wpml-ls-legacy-list-horizontal\">\n\t<ul role=\"menu\"><li class=\"wpml-ls-slot-shortcode_actions wpml-ls-item wpml-ls-item-es wpml-ls-first-item wpml-ls-item-legacy-list-horizontal\" role=\"none\">\n\t\t\t\t<a href=\"https:\/\/www.fasta.org\/\" class=\"wpml-ls-link\" role=\"menuitem\"  aria-label=\"Mudar para Espanhol(Espa\u00f1ol)\" title=\"Mudar para Espanhol(Espa\u00f1ol)\" >\n                                                        <img decoding=\"async\"\n            class=\"wpml-ls-flag\"\n            src=\"https:\/\/www.fasta.org\/wp-content\/uploads\/flags\/ES.svg\"\n            alt=\"\"\n            width=18\n            height=12\n    \/><span class=\"wpml-ls-native\" lang=\"es\">Espa\u00f1ol<\/span><span class=\"wpml-ls-display\"><span class=\"wpml-ls-bracket\"> (<\/span>Espanhol<span class=\"wpml-ls-bracket\">)<\/span><\/span><\/a>\n\t\t\t<\/li><li class=\"wpml-ls-slot-shortcode_actions wpml-ls-item wpml-ls-item-en wpml-ls-item-legacy-list-horizontal\" role=\"none\">\n\t\t\t\t<a href=\"https:\/\/www.fasta.org\/en\/\" class=\"wpml-ls-link\" role=\"menuitem\"  aria-label=\"Mudar para Ingl\u00eas(English)\" title=\"Mudar para Ingl\u00eas(English)\" >\n                                                        <img decoding=\"async\"\n            class=\"wpml-ls-flag\"\n            src=\"https:\/\/www.fasta.org\/wp-content\/uploads\/flags\/EN.svg\"\n            alt=\"\"\n            width=18\n            height=12\n    \/><span class=\"wpml-ls-native\" lang=\"en\">English<\/span><span class=\"wpml-ls-display\"><span class=\"wpml-ls-bracket\"> (<\/span>Ingl\u00eas<span class=\"wpml-ls-bracket\">)<\/span><\/span><\/a>\n\t\t\t<\/li><li class=\"wpml-ls-slot-shortcode_actions wpml-ls-item wpml-ls-item-fr wpml-ls-item-legacy-list-horizontal\" role=\"none\">\n\t\t\t\t<a href=\"https:\/\/www.fasta.org\/fr\/\" class=\"wpml-ls-link\" role=\"menuitem\"  aria-label=\"Mudar para Franc\u00eas(Fran\u00e7ais)\" title=\"Mudar para Franc\u00eas(Fran\u00e7ais)\" >\n                                                        <img decoding=\"async\"\n            class=\"wpml-ls-flag\"\n            src=\"https:\/\/www.fasta.org\/wp-content\/uploads\/flags\/FR.svg\"\n            alt=\"\"\n            width=18\n            height=12\n    \/><span class=\"wpml-ls-native\" lang=\"fr\">Fran\u00e7ais<\/span><span class=\"wpml-ls-display\"><span class=\"wpml-ls-bracket\"> (<\/span>Franc\u00eas<span class=\"wpml-ls-bracket\">)<\/span><\/span><\/a>\n\t\t\t<\/li><li class=\"wpml-ls-slot-shortcode_actions wpml-ls-item wpml-ls-item-pt-br wpml-ls-current-language wpml-ls-last-item wpml-ls-item-legacy-list-horizontal\" role=\"none\">\n\t\t\t\t<a href=\"https:\/\/www.fasta.org\/pt-br\/\" class=\"wpml-ls-link\" role=\"menuitem\" >\n                                                        <img decoding=\"async\"\n            class=\"wpml-ls-flag\"\n            src=\"https:\/\/www.fasta.org\/wp-content\/uploads\/flags\/PT.svg\"\n            alt=\"\"\n            width=18\n            height=12\n    \/><span class=\"wpml-ls-native\" role=\"menuitem\">Portugu\u00eas<\/span><\/a>\n\t\t\t<\/li><\/ul>\n<\/div>\n<\/div>\t\t\t\t<\/div>\n\t\t\t\t<\/div>\n\t\t\t\t\t<\/div>\n\t\t<\/div>\n\t\t\t\t\t<\/div>\n\t\t<\/section>\n\t\t\t\t\t<\/div>\n\t\t<\/div>\n\t\t\t\t\t<\/div>\n\t\t<\/section>\n\t\t\t\t<section class=\"has_eae_slider elementor-section elementor-top-section elementor-element elementor-element-1009018 elementor-section-boxed elementor-section-height-default elementor-section-height-default\" data-eae-slider=\"88096\" data-id=\"1009018\" data-element_type=\"section\" data-settings=\"{&quot;jet_parallax_layout_list&quot;:[],&quot;background_background&quot;:&quot;classic&quot;}\">\n\t\t\t\t\t\t<div class=\"elementor-container elementor-column-gap-default\">\n\t\t\t\t\t<div class=\"has_eae_slider elementor-column elementor-col-100 elementor-top-column elementor-element elementor-element-4a63583 vidrio\" data-eae-slider=\"12463\" data-id=\"4a63583\" data-element_type=\"column\" data-settings=\"{&quot;background_background&quot;:&quot;classic&quot;}\">\n\t\t\t<div class=\"elementor-widget-wrap elementor-element-populated\">\n\t\t\t\t\t\t<section class=\"has_eae_slider elementor-section elementor-inner-section elementor-element elementor-element-79cc93a elementor-section-full_width elementor-section-height-default elementor-section-height-default\" data-eae-slider=\"29464\" data-id=\"79cc93a\" data-element_type=\"section\" data-settings=\"{&quot;jet_parallax_layout_list&quot;:[]}\">\n\t\t\t\t\t\t<div class=\"elementor-container elementor-column-gap-default\">\n\t\t\t\t\t<div class=\"has_eae_slider elementor-column elementor-col-100 elementor-inner-column elementor-element elementor-element-8016308\" data-eae-slider=\"73335\" data-id=\"8016308\" data-element_type=\"column\">\n\t\t\t<div class=\"elementor-widget-wrap elementor-element-populated\">\n\t\t\t\t\t\t<div class=\"elementor-element elementor-element-55ebaba animated-fast elementor-invisible elementor-widget elementor-widget-image\" data-id=\"55ebaba\" data-element_type=\"widget\" data-settings=\"{&quot;_animation&quot;:&quot;slideInRight&quot;}\" data-widget_type=\"image.default\">\n\t\t\t\t<div class=\"elementor-widget-container\">\n\t\t\t\t\t\t\t\t\t\t\t\t\t\t\t<img fetchpriority=\"high\" decoding=\"async\" width=\"800\" height=\"707\" src=\"https:\/\/www.fasta.org\/wp-content\/uploads\/2022\/06\/SMILE.png\" class=\"attachment-large size-large wp-image-230881\" alt=\"\" srcset=\"https:\/\/www.fasta.org\/wp-content\/uploads\/2022\/06\/SMILE.png 1000w, https:\/\/www.fasta.org\/wp-content\/uploads\/2022\/06\/SMILE-300x265.png 300w, https:\/\/www.fasta.org\/wp-content\/uploads\/2022\/06\/SMILE-768x679.png 768w, https:\/\/www.fasta.org\/wp-content\/uploads\/2022\/06\/SMILE-150x133.png 150w\" sizes=\"(max-width: 800px) 100vw, 800px\" \/>\t\t\t\t\t\t\t\t\t\t\t\t\t\t\t<\/div>\n\t\t\t\t<\/div>\n\t\t\t\t<div class=\"elementor-element elementor-element-a4b373a elementor-widget elementor-widget-text-editor\" data-id=\"a4b373a\" data-element_type=\"widget\" data-widget_type=\"text-editor.default\">\n\t\t\t\t<div class=\"elementor-widget-container\">\n\t\t\t\t\t\t\t\t\t<p>+CONECTADOS TODOS N\u00d3S GANHAMOS<\/p>\t\t\t\t\t\t\t\t<\/div>\n\t\t\t\t<\/div>\n\t\t\t\t<div class=\"elementor-element elementor-element-627593b elementor-widget elementor-widget-text-editor\" data-id=\"627593b\" data-element_type=\"widget\" data-widget_type=\"text-editor.default\">\n\t\t\t\t<div class=\"elementor-widget-container\">\n\t\t\t\t\t\t\t\t\t<p><span style=\"font-weight: 400;\">Foi bom ouvir mais de si! <\/span><\/p><p><span style=\"font-weight: 400;\">Convidamos voc\u00ea a esta nova <strong>experi\u00eancia de comunica\u00e7\u00e3o personalizada<\/strong>.<\/span><\/p>\t\t\t\t\t\t\t\t<\/div>\n\t\t\t\t<\/div>\n\t\t\t\t<div class=\"elementor-element elementor-element-ef1ea23 elementor-widget elementor-widget-spacer\" data-id=\"ef1ea23\" data-element_type=\"widget\" data-widget_type=\"spacer.default\">\n\t\t\t\t<div class=\"elementor-widget-container\">\n\t\t\t\t\t\t\t<div class=\"elementor-spacer\">\n\t\t\t<div class=\"elementor-spacer-inner\"><\/div>\n\t\t<\/div>\n\t\t\t\t\t\t<\/div>\n\t\t\t\t<\/div>\n\t\t\t\t<div class=\"elementor-element elementor-element-ad2aec2 elementor-align-center elementor-widget elementor-widget-button\" data-id=\"ad2aec2\" data-element_type=\"widget\" data-widget_type=\"button.default\">\n\t\t\t\t<div class=\"elementor-widget-container\">\n\t\t\t\t\t\t\t\t\t<div class=\"elementor-button-wrapper\">\n\t\t\t\t\t<a class=\"elementor-button elementor-button-link elementor-size-sm elementor-animation-shrink\" href=\"https:\/\/www.fasta.org\/pt-br\/form\/\">\n\t\t\t\t\t\t<span class=\"elementor-button-content-wrapper\">\n\t\t\t\t\t\t\t\t\t<span class=\"elementor-button-text\">Voltar ao formul\u00e1rio<\/span>\n\t\t\t\t\t<\/span>\n\t\t\t\t\t<\/a>\n\t\t\t\t<\/div>\n\t\t\t\t\t\t\t\t<\/div>\n\t\t\t\t<\/div>\n\t\t\t\t\t<\/div>\n\t\t<\/div>\n\t\t\t\t\t<\/div>\n\t\t<\/section>\n\t\t\t\t\t<\/div>\n\t\t<\/div>\n\t\t\t\t\t<\/div>\n\t\t<\/section>\n\t\t\t\t<section class=\"has_eae_slider elementor-section elementor-top-section elementor-element elementor-element-88fb056 elementor-section-boxed elementor-section-height-default elementor-section-height-default\" data-eae-slider=\"74997\" data-id=\"88fb056\" data-element_type=\"section\" data-settings=\"{&quot;jet_parallax_layout_list&quot;:[],&quot;background_background&quot;:&quot;classic&quot;}\">\n\t\t\t\t\t\t<div class=\"elementor-container elementor-column-gap-default\">\n\t\t\t\t\t<div class=\"has_eae_slider elementor-column elementor-col-100 elementor-top-column elementor-element elementor-element-9c85b6d\" data-eae-slider=\"68442\" data-id=\"9c85b6d\" data-element_type=\"column\" data-settings=\"{&quot;background_background&quot;:&quot;classic&quot;}\">\n\t\t\t<div class=\"elementor-widget-wrap elementor-element-populated\">\n\t\t\t\t\t\t<div class=\"elementor-element elementor-element-0be605d elementor-widget elementor-widget-text-editor\" data-id=\"0be605d\" data-element_type=\"widget\" data-widget_type=\"text-editor.default\">\n\t\t\t\t<div class=\"elementor-widget-container\">\n\t\t\t\t\t\t\t\t\t<p data-pm-slice=\"1 1 []\">N\u00e3o deixe de nos seguir em nossas redes sociais!<\/p>\t\t\t\t\t\t\t\t<\/div>\n\t\t\t\t<\/div>\n\t\t\t\t<div class=\"elementor-element elementor-element-6a907f7 elementor-shape-circle elementor-grid-0 e-grid-align-center elementor-widget elementor-widget-social-icons\" data-id=\"6a907f7\" data-element_type=\"widget\" data-widget_type=\"social-icons.default\">\n\t\t\t\t<div class=\"elementor-widget-container\">\n\t\t\t\t\t\t\t<div class=\"elementor-social-icons-wrapper elementor-grid\" role=\"list\">\n\t\t\t\t\t\t\t<span class=\"elementor-grid-item\" role=\"listitem\">\n\t\t\t\t\t<a class=\"elementor-icon elementor-social-icon elementor-social-icon-facebook elementor-repeater-item-5aeb4a1\" href=\"https:\/\/www.facebook.com\/MovimientoFasta\" target=\"_blank\">\n\t\t\t\t\t\t<span class=\"elementor-screen-only\">Facebook<\/span>\n\t\t\t\t\t\t<i aria-hidden=\"true\" class=\"fab fa-facebook\"><\/i>\t\t\t\t\t<\/a>\n\t\t\t\t<\/span>\n\t\t\t\t\t\t\t<span class=\"elementor-grid-item\" role=\"listitem\">\n\t\t\t\t\t<a class=\"elementor-icon elementor-social-icon elementor-social-icon-instagram elementor-repeater-item-e22606b\" href=\"https:\/\/www.instagram.com\/movimientofasta\/\" target=\"_blank\">\n\t\t\t\t\t\t<span class=\"elementor-screen-only\">Instagram<\/span>\n\t\t\t\t\t\t<i aria-hidden=\"true\" class=\"fab fa-instagram\"><\/i>\t\t\t\t\t<\/a>\n\t\t\t\t<\/span>\n\t\t\t\t\t\t\t<span class=\"elementor-grid-item\" role=\"listitem\">\n\t\t\t\t\t<a class=\"elementor-icon elementor-social-icon elementor-social-icon-youtube elementor-repeater-item-db2958d\" href=\"https:\/\/www.youtube.com\/c\/FastaMovimiento\" target=\"_blank\">\n\t\t\t\t\t\t<span class=\"elementor-screen-only\">Youtube<\/span>\n\t\t\t\t\t\t<i aria-hidden=\"true\" class=\"fab fa-youtube\"><\/i>\t\t\t\t\t<\/a>\n\t\t\t\t<\/span>\n\t\t\t\t\t<\/div>\n\t\t\t\t\t\t<\/div>\n\t\t\t\t<\/div>\n\t\t\t\t\t<\/div>\n\t\t<\/div>\n\t\t\t\t\t<\/div>\n\t\t<\/section>\n\t\t\t\t<section class=\"has_eae_slider elementor-section elementor-top-section elementor-element elementor-element-e64359e elementor-section-boxed elementor-section-height-default elementor-section-height-default\" data-eae-slider=\"48203\" data-id=\"e64359e\" data-element_type=\"section\" data-settings=\"{&quot;jet_parallax_layout_list&quot;:[],&quot;background_background&quot;:&quot;classic&quot;}\">\n\t\t\t\t\t\t<div class=\"elementor-container elementor-column-gap-default\">\n\t\t\t\t\t<div class=\"has_eae_slider elementor-column elementor-col-100 elementor-top-column elementor-element elementor-element-5bdb869\" data-eae-slider=\"47821\" data-id=\"5bdb869\" data-element_type=\"column\" data-settings=\"{&quot;background_background&quot;:&quot;classic&quot;}\">\n\t\t\t<div class=\"elementor-widget-wrap elementor-element-populated\">\n\t\t\t\t\t\t<div class=\"elementor-element elementor-element-213a0cf elementor-widget elementor-widget-heading\" data-id=\"213a0cf\" data-element_type=\"widget\" data-widget_type=\"heading.default\">\n\t\t\t\t<div class=\"elementor-widget-container\">\n\t\t\t\t\t<h2 class=\"elementor-heading-title elementor-size-default\">Direcci\u00f3n de Comunicaciones de Fasta - 2022<\/h2>\t\t\t\t<\/div>\n\t\t\t\t<\/div>\n\t\t\t\t<div class=\"elementor-element elementor-element-48ee2a0 elementor-widget-divider--view-line elementor-widget elementor-widget-divider\" data-id=\"48ee2a0\" data-element_type=\"widget\" data-widget_type=\"divider.default\">\n\t\t\t\t<div class=\"elementor-widget-container\">\n\t\t\t\t\t\t\t<div class=\"elementor-divider\">\n\t\t\t<span class=\"elementor-divider-separator\">\n\t\t\t\t\t\t<\/span>\n\t\t<\/div>\n\t\t\t\t\t\t<\/div>\n\t\t\t\t<\/div>\n\t\t\t\t<div class=\"elementor-element elementor-element-3e7962c elementor-widget elementor-widget-image\" data-id=\"3e7962c\" data-element_type=\"widget\" data-widget_type=\"image.default\">\n\t\t\t\t<div class=\"elementor-widget-container\">\n\t\t\t\t\t\t\t\t\t\t\t\t\t\t\t<img decoding=\"async\" width=\"800\" height=\"152\" src=\"https:\/\/www.fasta.org\/wp-content\/uploads\/2022\/06\/FIRMA_1.png\" class=\"attachment-large size-large wp-image-229354\" alt=\"\" srcset=\"https:\/\/www.fasta.org\/wp-content\/uploads\/2022\/06\/FIRMA_1.png 937w, https:\/\/www.fasta.org\/wp-content\/uploads\/2022\/06\/FIRMA_1-300x57.png 300w, https:\/\/www.fasta.org\/wp-content\/uploads\/2022\/06\/FIRMA_1-768x146.png 768w, https:\/\/www.fasta.org\/wp-content\/uploads\/2022\/06\/FIRMA_1-150x28.png 150w\" sizes=\"(max-width: 800px) 100vw, 800px\" \/>\t\t\t\t\t\t\t\t\t\t\t\t\t\t\t<\/div>\n\t\t\t\t<\/div>\n\t\t\t\t\t<\/div>\n\t\t<\/div>\n\t\t\t\t\t<\/div>\n\t\t<\/section>\n\t\t\t\t<\/div>\n\t\t","protected":false},"excerpt":{"rendered":"<p>Espa\u00f1ol (Espanhol) English (Ingl\u00eas) Fran\u00e7ais (Franc\u00eas) Portugu\u00eas +CONECTADOS TODOS N\u00d3S GANHAMOS Foi bom ouvir mais de si! Convidamos voc\u00ea a esta nova experi\u00eancia de comunica\u00e7\u00e3o personalizada. Voltar ao formul\u00e1rio N\u00e3o deixe de nos seguir em nossas redes sociais! Facebook Instagram Youtube Direcci\u00f3n de Comunicaciones de Fasta &#8211; 2022<\/p>\n","protected":false},"author":8,"featured_media":248362,"parent":0,"menu_order":0,"comment_status":"closed","ping_status":"closed","template":"elementor_canvas","meta":{"_acf_changed":false,"inline_featured_image":false,"_exactmetrics_skip_tracking":false,"_exactmetrics_sitenote_active":false,"_exactmetrics_sitenote_note":"","_exactmetrics_sitenote_category":0,"_jet_sm_ready_style":"","_jet_sm_style":"","_jet_sm_controls_values":"","_jet_sm_fonts_collection":"","_jet_sm_fonts_links":"","footnotes":""},"class_list":["post-234167","page","type-page","status-publish","has-post-thumbnail","hentry"],"acf":[],"yoast_head":"<!-- This site is optimized with the Yoast SEO plugin v27.0 - https:\/\/yoast.com\/product\/yoast-seo-wordpress\/ -->\n<title>Obrigado! - Fasta<\/title>\n<meta name=\"robots\" content=\"index, follow, max-snippet:-1, max-image-preview:large, max-video-preview:-1\" \/>\n<link rel=\"canonical\" href=\"https:\/\/www.fasta.org\/pt-br\/gracias\/\" \/>\n<meta property=\"og:locale\" content=\"pt_BR\" \/>\n<meta property=\"og:type\" content=\"article\" \/>\n<meta property=\"og:title\" content=\"Obrigado! - Fasta\" \/>\n<meta property=\"og:description\" content=\"Espa\u00f1ol (Espanhol) English (Ingl\u00eas) Fran\u00e7ais (Franc\u00eas) Portugu\u00eas +CONECTADOS TODOS N\u00d3S GANHAMOS Foi bom ouvir mais de si! Convidamos voc\u00ea a esta nova experi\u00eancia de comunica\u00e7\u00e3o personalizada. Voltar ao formul\u00e1rio N\u00e3o deixe de nos seguir em nossas redes sociais! Facebook Instagram Youtube Direcci\u00f3n de Comunicaciones de Fasta &#8211; 2022\" \/>\n<meta property=\"og:url\" content=\"https:\/\/www.fasta.org\/pt-br\/gracias\/\" \/>\n<meta property=\"og:site_name\" content=\"Fasta\" \/>\n<meta property=\"article:publisher\" content=\"https:\/\/www.facebook.com\/MovimientoFasta\" \/>\n<meta property=\"article:modified_time\" content=\"2022-08-10T19:30:22+00:00\" \/>\n<meta property=\"og:image\" content=\"https:\/\/www.fasta.org\/wp-content\/uploads\/2022\/08\/Banner_POR-1.png\" \/>\n\t<meta property=\"og:image:width\" content=\"1920\" \/>\n\t<meta property=\"og:image:height\" content=\"693\" \/>\n\t<meta property=\"og:image:type\" content=\"image\/png\" \/>\n<meta name=\"twitter:card\" content=\"summary_large_image\" \/>\n<script type=\"application\/ld+json\" class=\"yoast-schema-graph\">{\"@context\":\"https:\/\/schema.org\",\"@graph\":[{\"@type\":\"WebPage\",\"@id\":\"https:\/\/www.fasta.org\/pt-br\/gracias\/\",\"url\":\"https:\/\/www.fasta.org\/pt-br\/gracias\/\",\"name\":\"Obrigado! - Fasta\",\"isPartOf\":{\"@id\":\"https:\/\/www.fasta.org\/pt-br\/#website\"},\"primaryImageOfPage\":{\"@id\":\"https:\/\/www.fasta.org\/pt-br\/gracias\/#primaryimage\"},\"image\":{\"@id\":\"https:\/\/www.fasta.org\/pt-br\/gracias\/#primaryimage\"},\"thumbnailUrl\":\"https:\/\/www.fasta.org\/wp-content\/uploads\/2022\/08\/Banner_POR-1.png\",\"datePublished\":\"2022-07-05T14:25:57+00:00\",\"dateModified\":\"2022-08-10T19:30:22+00:00\",\"breadcrumb\":{\"@id\":\"https:\/\/www.fasta.org\/pt-br\/gracias\/#breadcrumb\"},\"inLanguage\":\"pt-BR\",\"potentialAction\":[{\"@type\":\"ReadAction\",\"target\":[\"https:\/\/www.fasta.org\/pt-br\/gracias\/\"]}]},{\"@type\":\"ImageObject\",\"inLanguage\":\"pt-BR\",\"@id\":\"https:\/\/www.fasta.org\/pt-br\/gracias\/#primaryimage\",\"url\":\"https:\/\/www.fasta.org\/wp-content\/uploads\/2022\/08\/Banner_POR-1.png\",\"contentUrl\":\"https:\/\/www.fasta.org\/wp-content\/uploads\/2022\/08\/Banner_POR-1.png\",\"width\":1920,\"height\":693,\"caption\":\"banner portugues +perto\"},{\"@type\":\"BreadcrumbList\",\"@id\":\"https:\/\/www.fasta.org\/pt-br\/gracias\/#breadcrumb\",\"itemListElement\":[{\"@type\":\"ListItem\",\"position\":1,\"name\":\"Portada\",\"item\":\"https:\/\/www.fasta.org\/pt-br\/\"},{\"@type\":\"ListItem\",\"position\":2,\"name\":\"Obrigado!\"}]},{\"@type\":\"WebSite\",\"@id\":\"https:\/\/www.fasta.org\/pt-br\/#website\",\"url\":\"https:\/\/www.fasta.org\/pt-br\/\",\"name\":\"Fasta\",\"description\":\"Fraternidad de Agrupaciones Santo Tom\u00e1s de Aquino\",\"publisher\":{\"@id\":\"https:\/\/www.fasta.org\/pt-br\/#organization\"},\"potentialAction\":[{\"@type\":\"SearchAction\",\"target\":{\"@type\":\"EntryPoint\",\"urlTemplate\":\"https:\/\/www.fasta.org\/pt-br\/?s={search_term_string}\"},\"query-input\":{\"@type\":\"PropertyValueSpecification\",\"valueRequired\":true,\"valueName\":\"search_term_string\"}}],\"inLanguage\":\"pt-BR\"},{\"@type\":\"Organization\",\"@id\":\"https:\/\/www.fasta.org\/pt-br\/#organization\",\"name\":\"Fasta\",\"url\":\"https:\/\/www.fasta.org\/pt-br\/\",\"logo\":{\"@type\":\"ImageObject\",\"inLanguage\":\"pt-BR\",\"@id\":\"https:\/\/www.fasta.org\/pt-br\/#\/schema\/logo\/image\/\",\"url\":\"https:\/\/www.fasta.org\/wp-content\/uploads\/2021\/08\/Marca-Fasta.png\",\"contentUrl\":\"https:\/\/www.fasta.org\/wp-content\/uploads\/2021\/08\/Marca-Fasta.png\",\"width\":1595,\"height\":644,\"caption\":\"Fasta\"},\"image\":{\"@id\":\"https:\/\/www.fasta.org\/pt-br\/#\/schema\/logo\/image\/\"},\"sameAs\":[\"https:\/\/www.facebook.com\/MovimientoFasta\"]}]}<\/script>\n<!-- \/ Yoast SEO plugin. -->","yoast_head_json":{"title":"Obrigado! - Fasta","robots":{"index":"index","follow":"follow","max-snippet":"max-snippet:-1","max-image-preview":"max-image-preview:large","max-video-preview":"max-video-preview:-1"},"canonical":"https:\/\/www.fasta.org\/pt-br\/gracias\/","og_locale":"pt_BR","og_type":"article","og_title":"Obrigado! - Fasta","og_description":"Espa\u00f1ol (Espanhol) English (Ingl\u00eas) Fran\u00e7ais (Franc\u00eas) Portugu\u00eas +CONECTADOS TODOS N\u00d3S GANHAMOS Foi bom ouvir mais de si! Convidamos voc\u00ea a esta nova experi\u00eancia de comunica\u00e7\u00e3o personalizada. Voltar ao formul\u00e1rio N\u00e3o deixe de nos seguir em nossas redes sociais! Facebook Instagram Youtube Direcci\u00f3n de Comunicaciones de Fasta &#8211; 2022","og_url":"https:\/\/www.fasta.org\/pt-br\/gracias\/","og_site_name":"Fasta","article_publisher":"https:\/\/www.facebook.com\/MovimientoFasta","article_modified_time":"2022-08-10T19:30:22+00:00","og_image":[{"width":1920,"height":693,"url":"https:\/\/www.fasta.org\/wp-content\/uploads\/2022\/08\/Banner_POR-1.png","type":"image\/png"}],"twitter_card":"summary_large_image","schema":{"@context":"https:\/\/schema.org","@graph":[{"@type":"WebPage","@id":"https:\/\/www.fasta.org\/pt-br\/gracias\/","url":"https:\/\/www.fasta.org\/pt-br\/gracias\/","name":"Obrigado! - Fasta","isPartOf":{"@id":"https:\/\/www.fasta.org\/pt-br\/#website"},"primaryImageOfPage":{"@id":"https:\/\/www.fasta.org\/pt-br\/gracias\/#primaryimage"},"image":{"@id":"https:\/\/www.fasta.org\/pt-br\/gracias\/#primaryimage"},"thumbnailUrl":"https:\/\/www.fasta.org\/wp-content\/uploads\/2022\/08\/Banner_POR-1.png","datePublished":"2022-07-05T14:25:57+00:00","dateModified":"2022-08-10T19:30:22+00:00","breadcrumb":{"@id":"https:\/\/www.fasta.org\/pt-br\/gracias\/#breadcrumb"},"inLanguage":"pt-BR","potentialAction":[{"@type":"ReadAction","target":["https:\/\/www.fasta.org\/pt-br\/gracias\/"]}]},{"@type":"ImageObject","inLanguage":"pt-BR","@id":"https:\/\/www.fasta.org\/pt-br\/gracias\/#primaryimage","url":"https:\/\/www.fasta.org\/wp-content\/uploads\/2022\/08\/Banner_POR-1.png","contentUrl":"https:\/\/www.fasta.org\/wp-content\/uploads\/2022\/08\/Banner_POR-1.png","width":1920,"height":693,"caption":"banner portugues +perto"},{"@type":"BreadcrumbList","@id":"https:\/\/www.fasta.org\/pt-br\/gracias\/#breadcrumb","itemListElement":[{"@type":"ListItem","position":1,"name":"Portada","item":"https:\/\/www.fasta.org\/pt-br\/"},{"@type":"ListItem","position":2,"name":"Obrigado!"}]},{"@type":"WebSite","@id":"https:\/\/www.fasta.org\/pt-br\/#website","url":"https:\/\/www.fasta.org\/pt-br\/","name":"Fasta","description":"Fraternidad de Agrupaciones Santo Tom\u00e1s de Aquino","publisher":{"@id":"https:\/\/www.fasta.org\/pt-br\/#organization"},"potentialAction":[{"@type":"SearchAction","target":{"@type":"EntryPoint","urlTemplate":"https:\/\/www.fasta.org\/pt-br\/?s={search_term_string}"},"query-input":{"@type":"PropertyValueSpecification","valueRequired":true,"valueName":"search_term_string"}}],"inLanguage":"pt-BR"},{"@type":"Organization","@id":"https:\/\/www.fasta.org\/pt-br\/#organization","name":"Fasta","url":"https:\/\/www.fasta.org\/pt-br\/","logo":{"@type":"ImageObject","inLanguage":"pt-BR","@id":"https:\/\/www.fasta.org\/pt-br\/#\/schema\/logo\/image\/","url":"https:\/\/www.fasta.org\/wp-content\/uploads\/2021\/08\/Marca-Fasta.png","contentUrl":"https:\/\/www.fasta.org\/wp-content\/uploads\/2021\/08\/Marca-Fasta.png","width":1595,"height":644,"caption":"Fasta"},"image":{"@id":"https:\/\/www.fasta.org\/pt-br\/#\/schema\/logo\/image\/"},"sameAs":["https:\/\/www.facebook.com\/MovimientoFasta"]}]}},"_links":{"self":[{"href":"https:\/\/www.fasta.org\/pt-br\/wp-json\/wp\/v2\/pages\/234167","targetHints":{"allow":["GET"]}}],"collection":[{"href":"https:\/\/www.fasta.org\/pt-br\/wp-json\/wp\/v2\/pages"}],"about":[{"href":"https:\/\/www.fasta.org\/pt-br\/wp-json\/wp\/v2\/types\/page"}],"author":[{"embeddable":true,"href":"https:\/\/www.fasta.org\/pt-br\/wp-json\/wp\/v2\/users\/8"}],"replies":[{"embeddable":true,"href":"https:\/\/www.fasta.org\/pt-br\/wp-json\/wp\/v2\/comments?post=234167"}],"version-history":[{"count":10,"href":"https:\/\/www.fasta.org\/pt-br\/wp-json\/wp\/v2\/pages\/234167\/revisions"}],"predecessor-version":[{"id":255419,"href":"https:\/\/www.fasta.org\/pt-br\/wp-json\/wp\/v2\/pages\/234167\/revisions\/255419"}],"wp:featuredmedia":[{"embeddable":true,"href":"https:\/\/www.fasta.org\/pt-br\/wp-json\/wp\/v2\/media\/248362"}],"wp:attachment":[{"href":"https:\/\/www.fasta.org\/pt-br\/wp-json\/wp\/v2\/media?parent=234167"}],"curies":[{"name":"wp","href":"https:\/\/api.w.org\/{rel}","templated":true}]}}